{"id":1224,"date":"2015-08-11T20:13:32","date_gmt":"2015-08-11T18:13:32","guid":{"rendered":"https:\/\/www.tash-horseexperience.click\/wordpress\/?page_id=1224"},"modified":"2017-09-06T11:17:01","modified_gmt":"2017-09-06T09:17:01","slug":"empfehlenswerte-shops","status":"publish","type":"page","link":"https:\/\/www.tash-horseexperience.click\/wordpress\/empfehlenswerte-shops\/","title":{"rendered":"Empfehlenswerte Shops"},"content":{"rendered":"<p>Das Internet ist voll von Angeboten rund ums Pferd. Hier gibt&#8217;s ein paar empfehlenswerte Shops und sonstige Tips in Sachen Pferd \ud83d\ude42<\/p>\n<p>Ich \u00fcberlege mir immer gut, wo ich einkaufe. Ich m\u00f6chte m\u00f6glichst fair gehandelte und produzierte Produkte erwerben. Da ich gerne auch Kr\u00e4uter f\u00fcttere, anstatt Chemie zu f\u00fcttern, achte ich auch hier auf die besonders gute Qualit\u00e4t. In meine Ponys soll nichts rein, was nicht rein geh\u00f6rt.<\/p>\n<p>&nbsp;<\/p>\n<h3><a href=\"https:\/\/www.krauterie.de\/kraeuter-fuer-pferde.html\" target=\"_blank\"><span style=\"color: #ff9900;\">Krauterie.de &#8211; aus Liebe zum Tier und zur Natur<\/span><\/a><\/h3>\n<p>Viele von euch wissen, dass ich Kr\u00e4uter mittlerweile ausschlie\u00dflich bei der Krauterie kaufe. Hier stimmt nicht nur die Qualit\u00e4t, man wird auch samt aller Fragen mit offenen Armen empfangen und bestens beraten. Die P\u00e4ckchen zaubern ein weiteres L\u00e4cheln auf die Lippen, wenn man sie \u00f6ffnet. Ein rund um empfehlenswerter und warmherziger Shop! Wenn ihr also Kr\u00e4uter f\u00fcr eure Pferde braucht, seid ihr hier bestens aufgehoben &lt;3<\/p>\n<p>&nbsp;<\/p>\n<h3 class=\"separator\"><span style=\"color: #ff9900;\"><a style=\"color: #ff9900;\" href=\"https:\/\/geronimo-ug.de\/\">Geronimo UG &#8211; Tierisch gut vermarktet<\/a><\/span><\/h3>\n<p>Ein Muss f\u00fcr alle, die in der Tierbranche erfolgreich verkaufen wollen. Ob Onlineshops mit Tierzubeh\u00f6r, Trainer, Seminar-Angebote, Futteranbieter, Blogger, oder was auch immer. Geronimo ber\u00e4t individuell und bringt euer Unternehmen zum Erfolg! Besonders sch\u00f6n finde ich ja die Spezialisierung auf die Tierbranche. Lasst euch \u00fcberraschen! \ud83d\ude42<\/p>\n<p>&nbsp;<\/p>\n<h3><span style=\"font-size: x-large;\"><a href=\"https:\/\/www.procavallo.de\/?acc=a87ff679a2f3e71d9181a67b7542122c\" target=\"_blank\" data-blogger-escaped-target=\"_blank\"><span style=\"color: #ff9900;\">Procavallo &#8211; Fair Shopping<\/span><\/a><\/span><span style=\"font-size: x-large;\"><span style=\"color: #ff9900;\">*<\/span><\/span><\/h3>\n<p>Procavallo setzt bewusst auf Qualit\u00e4ts-Produktion in Deutschland, lehnt dabei schadstoffbelastete Materialien ebenso ab, wie die Ausbeutung von \u00a0produzierenden Arbeitskr\u00e4ften. Das Resultat sind Produkte bester Qualit\u00e4t zu einem trotzdem fairen Preis und als Draufgabe ein reines Gewissen des K\u00e4ufers. Absolut empfehlenswert! Mit dem Kauf von gekennzeichneten Schabracken, werden sogar Spenden get\u00e4tigt, auch eine feine Idee, oder? \ud83d\ude42<\/p>\n<p>&nbsp;<\/p>\n<h3><a href=\"https:\/\/www.reitarena.com\/de\" target=\"_blank\"><span style=\"color: #ff9900;\">Reitarena &#8211; Pferdiger Urlaub<\/span><\/a><\/h3>\n<p>Urlaub mit Pferden im sch\u00f6nen \u00d6sterreich verbringen? Die Reitarena bietet ein riesiges Angebot von kontrollierten Betrieben. Reiturlaub an sich ist ja schon toll, aber das ganze in \u00d6sterreich ist doppelt super! Rein gucken, aussuchen und buchen \ud83d\ude42<\/p>\n<p>&nbsp;<\/p>\n<h3><span style=\"color: #ff9900;\"><a style=\"color: #ff9900;\" href=\"https:\/\/www.herr-pferd.de\/\">Herr Pferd &#8211; Halfter und mehr<\/a><\/span><\/h3>\n<p>Wer sich etwas mehr Farbe im Leben w\u00fcnscht, ist bei Herr Pferd genau richtig. Ein super netter Kontakt ist garantiert, auf eure W\u00fcnsche wird so gut als nur m\u00f6glich eingegangen. Spencer hat ein umflochtenes Halfter in Blau-T\u00f6nen (Da is er stolz drauf!). F\u00fcr die Kappzaumarbeit verwende ich als Strick einen Flechtz\u00fcgel von Herr Pferd.<\/p>\n<div class=\"sharedaddy sd-sharing-enabled\"><div class=\"robots-nocontent sd-block sd-social sd-social-icon sd-sharing\"><h3 class=\"sd-title\">Teilen mit:<\/h3><div class=\"sd-content\"><ul><li><a href=\"#\" class=\"sharing-anchor sd-button share-more\"><span>Teilen<\/span><\/a><\/li><li class=\"share-end\"><\/li><\/ul><div class=\"sharing-hidden\"><div class=\"inner\" style=\"display: none;\"><ul><li class=\"share-facebook\"><a rel=\"nofollow noopener noreferrer\" data-shared=\"sharing-facebook-1224\" class=\"share-facebook sd-button share-icon no-text\" href=\"https:\/\/www.tash-horseexperience.click\/wordpress\/empfehlenswerte-shops\/?share=facebook\" target=\"_blank\" title=\"Klick, um auf Facebook zu teilen\"><span><\/span><span class=\"sharing-screen-reader-text\">Klick, um auf Facebook zu teilen (Wird in neuem Fenster ge\u00f6ffnet)<\/span><\/a><\/li><li class=\"share-twitter\"><a rel=\"nofollow noopener noreferrer\" data-shared=\"sharing-twitter-1224\" class=\"share-twitter sd-button share-icon no-text\" href=\"https:\/\/www.tash-horseexperience.click\/wordpress\/empfehlenswerte-shops\/?share=twitter\" target=\"_blank\" title=\"Klick, um \u00fcber Twitter zu teilen\"><span><\/span><span class=\"sharing-screen-reader-text\">Klick, um \u00fcber Twitter zu teilen (Wird in neuem Fenster ge\u00f6ffnet)<\/span><\/a><\/li><li class=\"share-end\"><\/li><li class=\"share-pinterest\"><a rel=\"nofollow noopener noreferrer\" data-shared=\"sharing-pinterest-1224\" class=\"share-pinterest sd-button share-icon no-text\" href=\"https:\/\/www.tash-horseexperience.click\/wordpress\/empfehlenswerte-shops\/?share=pinterest\" target=\"_blank\" title=\"Klick, um auf Pinterest zu teilen\"><span><\/span><span class=\"sharing-screen-reader-text\">Klick, um auf Pinterest zu teilen (Wird in neuem Fenster ge\u00f6ffnet)<\/span><\/a><\/li><li class=\"share-end\"><\/li><\/ul><\/div><\/div><\/div><\/div><\/div>","protected":false},"excerpt":{"rendered":"<p>Das Internet ist voll von Angeboten rund ums Pferd. Hier gibt&#8217;s ein paar empfehlenswerte Shops und sonstige Tips in Sachen Pferd \ud83d\ude42 Ich \u00fcberlege mir immer gut, wo ich einkaufe. Ich m\u00f6chte m\u00f6glichst fair gehandelte und produzierte Produkte erwerben. Da ich gerne auch Kr\u00e4uter f\u00fcttere, anstatt Chemie zu f\u00fcttern, achte ich auch hier auf die besonders gute Qualit\u00e4t. In meine Ponys soll nichts rein, was nicht rein geh\u00f6rt. &nbsp; Krauterie.de &#8211; aus Liebe zum Tier und zur Natur Viele von euch wissen, dass ich Kr\u00e4uter mittlerweile ausschlie\u00dflich bei der Krauterie kaufe. Hier stimmt nicht nur die Qualit\u00e4t, man wird auch samt aller Fragen mit offenen Armen empfangen und bestens beraten. Die P\u00e4ckchen zaubern ein weiteres L\u00e4cheln auf die Lippen, wenn man sie \u00f6ffnet. Ein rund um empfehlenswerter und warmherziger Shop! Wenn ihr also Kr\u00e4uter f\u00fcr eure Pferde braucht, seid ihr hier bestens aufgehoben &lt;3 &nbsp; Geronimo UG &#8211; Tierisch gut vermarktet Ein Muss f\u00fcr alle, die in der Tierbranche erfolgreich verkaufen wollen. Ob Onlineshops mit Tierzubeh\u00f6r, Trainer, Seminar-Angebote, Futteranbieter, Blogger, oder was auch immer. Geronimo ber\u00e4t individuell und bringt euer Unternehmen zum Erfolg! Besonders sch\u00f6n finde ich ja die Spezialisierung auf die Tierbranche. Lasst euch \u00fcberraschen! \ud83d\ude42 &nbsp; Procavallo &#8211; [&hellip;]<\/p>\n<div class=\"sharedaddy sd-sharing-enabled\"><div class=\"robots-nocontent sd-block sd-social sd-social-icon sd-sharing\"><h3 class=\"sd-title\">Teilen mit:<\/h3><div class=\"sd-content\"><ul><li><a href=\"#\" class=\"sharing-anchor sd-button share-more\"><span>Teilen<\/span><\/a><\/li><li class=\"share-end\"><\/li><\/ul><div class=\"sharing-hidden\"><div class=\"inner\" style=\"display: none;\"><ul><li class=\"share-facebook\"><a rel=\"nofollow noopener noreferrer\" data-shared=\"sharing-facebook-1224\" class=\"share-facebook sd-button share-icon no-text\" href=\"https:\/\/www.tash-horseexperience.click\/wordpress\/empfehlenswerte-shops\/?share=facebook\" target=\"_blank\" title=\"Klick, um auf Facebook zu teilen\"><span><\/span><span class=\"sharing-screen-reader-text\">Klick, um auf Facebook zu teilen (Wird in neuem Fenster ge\u00f6ffnet)<\/span><\/a><\/li><li class=\"share-twitter\"><a rel=\"nofollow noopener noreferrer\" data-shared=\"sharing-twitter-1224\" class=\"share-twitter sd-button share-icon no-text\" href=\"https:\/\/www.tash-horseexperience.click\/wordpress\/empfehlenswerte-shops\/?share=twitter\" target=\"_blank\" title=\"Klick, um \u00fcber Twitter zu teilen\"><span><\/span><span class=\"sharing-screen-reader-text\">Klick, um \u00fcber Twitter zu teilen (Wird in neuem Fenster ge\u00f6ffnet)<\/span><\/a><\/li><li class=\"share-end\"><\/li><li class=\"share-pinterest\"><a rel=\"nofollow noopener noreferrer\" data-shared=\"sharing-pinterest-1224\" class=\"share-pinterest sd-button share-icon no-text\" href=\"https:\/\/www.tash-horseexperience.click\/wordpress\/empfehlenswerte-shops\/?share=pinterest\" target=\"_blank\" title=\"Klick, um auf Pinterest zu teilen\"><span><\/span><span class=\"sharing-screen-reader-text\">Klick, um auf Pinterest zu teilen (Wird in neuem Fenster ge\u00f6ffnet)<\/span><\/a><\/li><li class=\"share-end\"><\/li><\/ul><\/div><\/div><\/div><\/div><\/div>","protected":false},"author":3,"featured_media":0,"parent":0,"menu_order":5,"comment_status":"open","ping_status":"open","template":"","meta":{"spay_email":""},"yoast_head":"<!-- This site is optimized with the Yoast SEO plugin v17.1 - https:\/\/yoast.com\/wordpress\/plugins\/seo\/ -->\n<title>Empfehlenswerte Shops - Tash-Horseexperience<\/title>\n<meta name=\"robots\" content=\"index, follow, max-snippet:-1, max-image-preview:large, max-video-preview:-1\" \/>\n<link rel=\"canonical\" href=\"https:\/\/www.tash-horseexperience.click\/wordpress\/empfehlenswerte-shops\/\" \/>\n<meta property=\"og:locale\" content=\"de_DE\" \/>\n<meta property=\"og:type\" content=\"article\" \/>\n<meta property=\"og:title\" content=\"Empfehlenswerte Shops - Tash-Horseexperience\" \/>\n<meta property=\"og:description\" content=\"Das Internet ist voll von Angeboten rund ums Pferd. Hier gibt&#8217;s ein paar empfehlenswerte Shops und sonstige Tips in Sachen Pferd \ud83d\ude42 Ich \u00fcberlege mir immer gut, wo ich einkaufe. Ich m\u00f6chte m\u00f6glichst fair gehandelte und produzierte Produkte erwerben. Da ich gerne auch Kr\u00e4uter f\u00fcttere, anstatt Chemie zu f\u00fcttern, achte ich auch hier auf die besonders gute Qualit\u00e4t. In meine Ponys soll nichts rein, was nicht rein geh\u00f6rt. &nbsp; Krauterie.de &#8211; aus Liebe zum Tier und zur Natur Viele von euch wissen, dass ich Kr\u00e4uter mittlerweile ausschlie\u00dflich bei der Krauterie kaufe. Hier stimmt nicht nur die Qualit\u00e4t, man wird auch samt aller Fragen mit offenen Armen empfangen und bestens beraten. Die P\u00e4ckchen zaubern ein weiteres L\u00e4cheln auf die Lippen, wenn man sie \u00f6ffnet. Ein rund um empfehlenswerter und warmherziger Shop! Wenn ihr also Kr\u00e4uter f\u00fcr eure Pferde braucht, seid ihr hier bestens aufgehoben &lt;3 &nbsp; Geronimo UG &#8211; Tierisch gut vermarktet Ein Muss f\u00fcr alle, die in der Tierbranche erfolgreich verkaufen wollen. Ob Onlineshops mit Tierzubeh\u00f6r, Trainer, Seminar-Angebote, Futteranbieter, Blogger, oder was auch immer. Geronimo ber\u00e4t individuell und bringt euer Unternehmen zum Erfolg! Besonders sch\u00f6n finde ich ja die Spezialisierung auf die Tierbranche. Lasst euch \u00fcberraschen! \ud83d\ude42 &nbsp; Procavallo &#8211; [&hellip;]\" \/>\n<meta property=\"og:url\" content=\"https:\/\/www.tash-horseexperience.click\/wordpress\/empfehlenswerte-shops\/\" \/>\n<meta property=\"og:site_name\" content=\"Tash-Horseexperience\" \/>\n<meta property=\"article:publisher\" content=\"https:\/\/www.facebook.com\/TashHorseexperience\/\" \/>\n<meta property=\"article:modified_time\" content=\"2017-09-06T09:17:01+00:00\" \/>\n<meta name=\"twitter:card\" content=\"summary\" \/>\n<meta name=\"twitter:site\" content=\"@TashHorse\" \/>\n<meta name=\"twitter:label1\" content=\"Gesch\u00e4tzte Lesezeit\" \/>\n\t<meta name=\"twitter:data1\" content=\"2\u00a0Minuten\" \/>\n<script type=\"application\/ld+json\" class=\"yoast-schema-graph\">{\"@context\":\"https:\/\/schema.org\",\"@graph\":[{\"@type\":\"WebSite\",\"@id\":\"https:\/\/www.tash-horseexperience.click\/wordpress\/#website\",\"url\":\"https:\/\/www.tash-horseexperience.click\/wordpress\/\",\"name\":\"Tash-Horseexperience\",\"description\":\"Achtsamer Umgang mit dem Pferd\",\"potentialAction\":[{\"@type\":\"SearchAction\",\"target\":{\"@type\":\"EntryPoint\",\"urlTemplate\":\"https:\/\/www.tash-horseexperience.click\/wordpress\/?s={search_term_string}\"},\"query-input\":\"required name=search_term_string\"}],\"inLanguage\":\"de\"},{\"@type\":\"WebPage\",\"@id\":\"https:\/\/www.tash-horseexperience.click\/wordpress\/empfehlenswerte-shops\/#webpage\",\"url\":\"https:\/\/www.tash-horseexperience.click\/wordpress\/empfehlenswerte-shops\/\",\"name\":\"Empfehlenswerte Shops - Tash-Horseexperience\",\"isPartOf\":{\"@id\":\"https:\/\/www.tash-horseexperience.click\/wordpress\/#website\"},\"datePublished\":\"2015-08-11T18:13:32+00:00\",\"dateModified\":\"2017-09-06T09:17:01+00:00\",\"breadcrumb\":{\"@id\":\"https:\/\/www.tash-horseexperience.click\/wordpress\/empfehlenswerte-shops\/#breadcrumb\"},\"inLanguage\":\"de\",\"potentialAction\":[{\"@type\":\"ReadAction\",\"target\":[\"https:\/\/www.tash-horseexperience.click\/wordpress\/empfehlenswerte-shops\/\"]}]},{\"@type\":\"BreadcrumbList\",\"@id\":\"https:\/\/www.tash-horseexperience.click\/wordpress\/empfehlenswerte-shops\/#breadcrumb\",\"itemListElement\":[{\"@type\":\"ListItem\",\"position\":1,\"name\":\"Startseite\",\"item\":\"https:\/\/www.tash-horseexperience.click\/wordpress\/\"},{\"@type\":\"ListItem\",\"position\":2,\"name\":\"Empfehlenswerte Shops\"}]}]}<\/script>\n<!-- \/ Yoast SEO plugin. -->","yoast_head_json":{"title":"Empfehlenswerte Shops - Tash-Horseexperience","robots":{"index":"index","follow":"follow","max-snippet":"max-snippet:-1","max-image-preview":"max-image-preview:large","max-video-preview":"max-video-preview:-1"},"canonical":"https:\/\/www.tash-horseexperience.click\/wordpress\/empfehlenswerte-shops\/","og_locale":"de_DE","og_type":"article","og_title":"Empfehlenswerte Shops - Tash-Horseexperience","og_description":"Das Internet ist voll von Angeboten rund ums Pferd. Hier gibt&#8217;s ein paar empfehlenswerte Shops und sonstige Tips in Sachen Pferd \ud83d\ude42 Ich \u00fcberlege mir immer gut, wo ich einkaufe. Ich m\u00f6chte m\u00f6glichst fair gehandelte und produzierte Produkte erwerben. Da ich gerne auch Kr\u00e4uter f\u00fcttere, anstatt Chemie zu f\u00fcttern, achte ich auch hier auf die besonders gute Qualit\u00e4t. In meine Ponys soll nichts rein, was nicht rein geh\u00f6rt. &nbsp; Krauterie.de &#8211; aus Liebe zum Tier und zur Natur Viele von euch wissen, dass ich Kr\u00e4uter mittlerweile ausschlie\u00dflich bei der Krauterie kaufe. Hier stimmt nicht nur die Qualit\u00e4t, man wird auch samt aller Fragen mit offenen Armen empfangen und bestens beraten. Die P\u00e4ckchen zaubern ein weiteres L\u00e4cheln auf die Lippen, wenn man sie \u00f6ffnet. Ein rund um empfehlenswerter und warmherziger Shop! Wenn ihr also Kr\u00e4uter f\u00fcr eure Pferde braucht, seid ihr hier bestens aufgehoben &lt;3 &nbsp; Geronimo UG &#8211; Tierisch gut vermarktet Ein Muss f\u00fcr alle, die in der Tierbranche erfolgreich verkaufen wollen. Ob Onlineshops mit Tierzubeh\u00f6r, Trainer, Seminar-Angebote, Futteranbieter, Blogger, oder was auch immer. Geronimo ber\u00e4t individuell und bringt euer Unternehmen zum Erfolg! Besonders sch\u00f6n finde ich ja die Spezialisierung auf die Tierbranche. Lasst euch \u00fcberraschen! \ud83d\ude42 &nbsp; Procavallo &#8211; [&hellip;]","og_url":"https:\/\/www.tash-horseexperience.click\/wordpress\/empfehlenswerte-shops\/","og_site_name":"Tash-Horseexperience","article_publisher":"https:\/\/www.facebook.com\/TashHorseexperience\/","article_modified_time":"2017-09-06T09:17:01+00:00","twitter_card":"summary","twitter_site":"@TashHorse","twitter_misc":{"Gesch\u00e4tzte Lesezeit":"2\u00a0Minuten"},"schema":{"@context":"https:\/\/schema.org","@graph":[{"@type":"WebSite","@id":"https:\/\/www.tash-horseexperience.click\/wordpress\/#website","url":"https:\/\/www.tash-horseexperience.click\/wordpress\/","name":"Tash-Horseexperience","description":"Achtsamer Umgang mit dem Pferd","potentialAction":[{"@type":"SearchAction","target":{"@type":"EntryPoint","urlTemplate":"https:\/\/www.tash-horseexperience.click\/wordpress\/?s={search_term_string}"},"query-input":"required name=search_term_string"}],"inLanguage":"de"},{"@type":"WebPage","@id":"https:\/\/www.tash-horseexperience.click\/wordpress\/empfehlenswerte-shops\/#webpage","url":"https:\/\/www.tash-horseexperience.click\/wordpress\/empfehlenswerte-shops\/","name":"Empfehlenswerte Shops - Tash-Horseexperience","isPartOf":{"@id":"https:\/\/www.tash-horseexperience.click\/wordpress\/#website"},"datePublished":"2015-08-11T18:13:32+00:00","dateModified":"2017-09-06T09:17:01+00:00","breadcrumb":{"@id":"https:\/\/www.tash-horseexperience.click\/wordpress\/empfehlenswerte-shops\/#breadcrumb"},"inLanguage":"de","potentialAction":[{"@type":"ReadAction","target":["https:\/\/www.tash-horseexperience.click\/wordpress\/empfehlenswerte-shops\/"]}]},{"@type":"BreadcrumbList","@id":"https:\/\/www.tash-horseexperience.click\/wordpress\/empfehlenswerte-shops\/#breadcrumb","itemListElement":[{"@type":"ListItem","position":1,"name":"Startseite","item":"https:\/\/www.tash-horseexperience.click\/wordpress\/"},{"@type":"ListItem","position":2,"name":"Empfehlenswerte Shops"}]}]}},"jetpack_sharing_enabled":true,"jetpack_shortlink":"https:\/\/wp.me\/P6BXYn-jK","jetpack-related-posts":[{"id":1862,"url":"https:\/\/www.tash-horseexperience.click\/wordpress\/pr-medien-werbung\/","url_meta":{"origin":1224,"position":0},"title":"Kooperation \/ PR \/ Medien","date":"","format":false,"excerpt":"Ihnen gef\u00e4llt, was sie auf Tash-Horseexperience lesen und Sie k\u00f6nnen sich eine Kooperation\u00a0vorstellen? \u00a0 Dann kontaktieren Sie mich gerne unter tanja@tash-horseexperience.click \u00a0 Tash-Horseexperience besch\u00e4ftigt sich sowohl mit dem achtsamen Umgang mit dem Pferd, als auch mit artgerechter F\u00fctterung und Energetik. Das Pferdetraining betreffend besch\u00e4ftige ich mich mit Clickertraining und dem\u2026","rel":"","context":"\u00c4hnlicher Beitrag","img":{"alt_text":"","src":"","width":0,"height":0},"classes":[]},{"id":1215,"url":"https:\/\/www.tash-horseexperience.click\/wordpress\/wer-sind-wir-2\/","url_meta":{"origin":1224,"position":1},"title":"Kontakt \/ \u00fcber uns","date":"","format":false,"excerpt":"Hallo und herzlich willkommen bei Tash-Horseexperience! Du m\u00f6chtest uns eine Nachricht zukommen lassen? Sehr gerne an tanja(at)tash-horseexperience.click! Wir freuen uns auf deine E-Mail! \u00a0 Was macht uns aus, wer sind wir und was erwartet dich hier? Dieser Pferdeblog bringt dir den achtsamen und fairen Umgang mit Pferden n\u00e4her. Geschrieben wird\u2026","rel":"","context":"\u00c4hnlicher Beitrag","img":{"alt_text":"Pferdeblog, Reitsport, Pferdetraining","src":"https:\/\/i1.wp.com\/1.bp.blogspot.com\/-BlrQmgezGvo\/UEo4VmNjn8I\/AAAAAAAAAm0\/rYeZm-9ao_E\/s640\/Steckbrief+Shadow.jpg?resize=350%2C200&ssl=1","width":350,"height":200},"classes":[]},{"id":1222,"url":"https:\/\/www.tash-horseexperience.click\/wordpress\/pferdiger-lesestoff\/","url_meta":{"origin":1224,"position":2},"title":"Pferdiger Lesestoff","date":"","format":false,"excerpt":"Hier findet ihr allerlei Seiten rund ums Pferd, prall gef\u00fcllt mit interessanten Artikeln! Viel Spa\u00df beim St\u00f6bern und lasst mich wissen, was euch besonders gef\u00e4llt :) Herzenspferd - Die Allgemeinwissen-Sammlung Auf dieser Seite k\u00f6nnt ihr allerlei Wissen \u00fcber Pferde, das Zubeh\u00f6r, den Umgang im Allgemeinen erfahren. Die Autorin zeichnet sich\u2026","rel":"","context":"\u00c4hnlicher Beitrag","img":{"alt_text":"","src":"","width":0,"height":0},"classes":[]},{"id":1218,"url":"https:\/\/www.tash-horseexperience.click\/wordpress\/unsere-geschichte\/","url_meta":{"origin":1224,"position":3},"title":"Unsere Geschichte","date":"","format":false,"excerpt":"J\u00e4nner\u00a02008 Ich sitze am Computer und bekomme einen Anruf einer Freundin. Ich solle ein Inserat ansehen, dieses Pferd w\u00fcrde genau zu mir passen...Gesagt - getan: Sofort das Inserat angesehen und die Nummer der Besitzerin gew\u00e4hlt. Schon am Wochenende sollte es so weit sein - Probereiten war angesagt! Bei dem eher\u2026","rel":"","context":"Mit 4 Kommentaren","img":{"alt_text":"Partner Pferd","src":"https:\/\/i1.wp.com\/www.tash-horseexperience.click\/wordpress\/wp-content\/uploads\/2015\/08\/ULLI7947.jpg?fit=1000%2C668&ssl=1&resize=350%2C200","width":350,"height":200},"classes":[]},{"id":1242,"url":"https:\/\/www.tash-horseexperience.click\/wordpress\/impressum-2\/","url_meta":{"origin":1224,"position":4},"title":"Impressum \/ Disclaimer","date":"","format":false,"excerpt":"F\u00fcr diese Website verantwortliche\/r Herausgeber\/in Tanja Miladinovic Kontakt: E-Mail: tanja@tash-horseexperience.click www.tash-horseexperience.click Haftungsausschluss (Disclaimer) Keine Haftung f\u00fcr genutzte Informationen Die Informationen und der Inhalt dieser Webseiten stellen in keiner Weise Ersatz f\u00fcr professionelle Beratungen oder Unterst\u00fctzung durch ausgebildete Pferdetrainer und Reitlehrer, Tier\u00e4rzte und Therapeuten dar. Ich kenne weder Dich, Deinen Kenntnisstand\u2026","rel":"","context":"\u00c4hnlicher Beitrag","img":{"alt_text":"","src":"","width":0,"height":0},"classes":[]}],"jetpack_likes_enabled":true,"_links":{"self":[{"href":"https:\/\/www.tash-horseexperience.click\/wordpress\/wp-json\/wp\/v2\/pages\/1224"}],"collection":[{"href":"https:\/\/www.tash-horseexperience.click\/wordpress\/wp-json\/wp\/v2\/pages"}],"about":[{"href":"https:\/\/www.tash-horseexperience.click\/wordpress\/wp-json\/wp\/v2\/types\/page"}],"author":[{"embeddable":true,"href":"https:\/\/www.tash-horseexperience.click\/wordpress\/wp-json\/wp\/v2\/users\/3"}],"replies":[{"embeddable":true,"href":"https:\/\/www.tash-horseexperience.click\/wordpress\/wp-json\/wp\/v2\/comments?post=1224"}],"version-history":[{"count":14,"href":"https:\/\/www.tash-horseexperience.click\/wordpress\/wp-json\/wp\/v2\/pages\/1224\/revisions"}],"predecessor-version":[{"id":2604,"href":"https:\/\/www.tash-horseexperience.click\/wordpress\/wp-json\/wp\/v2\/pages\/1224\/revisions\/2604"}],"wp:attachment":[{"href":"https:\/\/www.tash-horseexperience.click\/wordpress\/wp-json\/wp\/v2\/media?parent=1224"}],"curies":[{"name":"wp","href":"https:\/\/api.w.org\/{rel}","templated":true}]}}