{"id":1862,"date":"2016-01-24T17:27:21","date_gmt":"2016-01-24T16:27:21","guid":{"rendered":"https:\/\/www.tash-horseexperience.click\/wordpress\/?page_id=1862"},"modified":"2017-09-06T11:03:24","modified_gmt":"2017-09-06T09:03:24","slug":"pr-medien-werbung","status":"publish","type":"page","link":"https:\/\/www.tash-horseexperience.click\/wordpress\/pr-medien-werbung\/","title":{"rendered":"Kooperation \/ PR \/ Medien"},"content":{"rendered":"<p>Ihnen gef\u00e4llt, was sie auf Tash-Horseexperience lesen und Sie k\u00f6nnen sich eine Kooperation\u00a0vorstellen?<\/p>\n<p>&nbsp;<\/p>\n<p>Dann kontaktieren Sie mich gerne unter <strong>tanja@tash-horseexperience.click<\/strong><\/p>\n<p>&nbsp;<\/p>\n<p>Tash-Horseexperience besch\u00e4ftigt sich sowohl mit dem achtsamen Umgang mit dem Pferd, als auch mit artgerechter F\u00fctterung und Energetik. Das Pferdetraining betreffend besch\u00e4ftige ich mich mit Clickertraining und dem Pferdeverhalten und K\u00f6rpersprache.<\/p>\n<p>Der Blog besteht nun schon <strong>seit mehr als vier\u00a0Jahren<\/strong> und wird w\u00f6chentlich um interessante Artikel erweitert. Mit mir haben Sie also einen etablierten und verl\u00e4sslichen Partner an der Seite.<\/p>\n<p>&nbsp;<\/p>\n<h3><strong><span style=\"color: #ff9900;\">Folgende\u00a0M\u00f6glichkeiten f\u00fcr\u00a0eine Kooperation\u00a0kann ich Ihnen anbieten:<\/span><\/strong><\/h3>\n<p>&nbsp;<\/p>\n<ul>\n<li><span style=\"color: #339966;\"><strong>Gesponserte Artikel \/ Advertorials:<\/strong><\/span> Ich schreibe einen Artikel zu Ihrem Produkt, Ihrer Dienstleistung etc. inkl. Verlinkung und Bewerbung auf meinen Social Media Kan\u00e4len. Bitte beachten Sie, dass hier nur \u201enofollow\u201c Links m\u00f6glich sind und die Artikel als \u201egesponsert\u201c gekennzeichnet werden.<\/li>\n<\/ul>\n<ul>\n<li><strong><span style=\"color: #339966;\">Aufnahme Ihres Betriebes \/ Ihres Produktes in meine Empfehlungsliste:<\/span><\/strong> Auf der Seite \u201eempfehlenswerte Shops\u201c wird Ihr Betrieb eingef\u00fcgt und verlinkt. <a href=\"https:\/\/www.tash-horseexperience.click\/wordpress\/empfehlenswerte-shops\/\" target=\"_blank\">Hier gehts zur Seite<\/a>.<\/li>\n<\/ul>\n<ul>\n<li><strong><span style=\"color: #339966;\">Buchrezensionen:<\/span> <\/strong>Wenn Ihr Buch die Themen auf dieser Seite treffen, kontaktieren Sie mich gerne. Ich werde Ihr Buch lesen und anschlie\u00dfend einen Artikel dazu verfassen. Gerne wird auch zu einem von Ihnen gew\u00fcnschten Ziel verlinkt. <a href=\"https:\/\/www.tash-horseexperience.click\/wordpress\/2016\/01\/familienaufstellung-fuer-pferde-was-ist-das\/\" target=\"_blank\">Hier ein Beispiel einer Rezension.<\/a><\/li>\n<\/ul>\n<ul>\n<li><strong><span style=\"color: #339966;\">Bannerwerbung:<\/span><\/strong> Wenn Sie ein Produkt haben, das meine Leser anspricht, binde ich gerne Ihren Banner auf die Seite Tash-Horseexperience ein.<\/li>\n<\/ul>\n<ul>\n<li><strong><span style=\"color: #339966;\">Produktlink:<\/span><\/strong> Sie haben ein Produkt, das sich perfekt in meine Artikel einf\u00fcgen w\u00fcrde? Sprechen Sie mich gerne auf eine m\u00f6gliche Verlinkung zu Ihrem Shop an! <a href=\"https:\/\/www.tash-horseexperience.click\/wordpress\/2015\/12\/heilkraeuter-fuer-pferde-ingwer\/\" target=\"_blank\">Hier wieder ein Beispiel.<\/a><\/li>\n<\/ul>\n<ul>\n<li><strong><span style=\"color: #339966;\">Gastbeitr\u00e4ge auf Ihrer Seite:<\/span> <\/strong>Gerne schreibe ich auch einen Artikel exklusiv f\u00fcr Sie und bewerbe diesen auf meinen Social Media Kan\u00e4len. <a href=\"https:\/\/verwandert.de\/spanischer-gruss\/\" target=\"_blank\">Hier ein Artikel von mir auf Verwandert.\u00a0<\/a><\/li>\n<\/ul>\n<p>&nbsp;<\/p>\n<p>Wenn sie andere Ideen f\u00fcr eine Kooperation\u00a0haben, <strong>freue ich mich auf Ihre Kontaktaufnahme<\/strong> und Ihren Vorschlag!<\/p>\n<p><strong>Bitte beachten Sie, dass meine Artikel immer meine Meinung widerspiegeln.<\/strong> Ich werbe nur f\u00fcr Produkte oder Dienstleistungen, die ich auch guten Gewissens empfehlen kann.<\/p>\n<p>&nbsp;<\/p>\n<p><span style=\"color: #339966;\"><strong>Social Media:<\/strong> <\/span>Zu diesem Blog geh\u00f6ren Social-Media-Profile auf Facebook, Twitter, Instagram und G+.<\/p>\n<p>Ich freue mich auf Ihre Nachricht: <strong>tanja@tash-horseexperience.click<\/strong><\/p>\n<div class=\"sharedaddy sd-sharing-enabled\"><div class=\"robots-nocontent sd-block sd-social sd-social-icon sd-sharing\"><h3 class=\"sd-title\">Teilen mit:<\/h3><div class=\"sd-content\"><ul><li><a href=\"#\" class=\"sharing-anchor sd-button share-more\"><span>Teilen<\/span><\/a><\/li><li class=\"share-end\"><\/li><\/ul><div class=\"sharing-hidden\"><div class=\"inner\" style=\"display: none;\"><ul><li class=\"share-facebook\"><a rel=\"nofollow noopener noreferrer\" data-shared=\"sharing-facebook-1862\" class=\"share-facebook sd-button share-icon no-text\" href=\"https:\/\/www.tash-horseexperience.click\/wordpress\/pr-medien-werbung\/?share=facebook\" target=\"_blank\" title=\"Klick, um auf Facebook zu teilen\"><span><\/span><span class=\"sharing-screen-reader-text\">Klick, um auf Facebook zu teilen (Wird in neuem Fenster ge\u00f6ffnet)<\/span><\/a><\/li><li class=\"share-twitter\"><a rel=\"nofollow noopener noreferrer\" data-shared=\"sharing-twitter-1862\" class=\"share-twitter sd-button share-icon no-text\" href=\"https:\/\/www.tash-horseexperience.click\/wordpress\/pr-medien-werbung\/?share=twitter\" target=\"_blank\" title=\"Klick, um \u00fcber Twitter zu teilen\"><span><\/span><span class=\"sharing-screen-reader-text\">Klick, um \u00fcber Twitter zu teilen (Wird in neuem Fenster ge\u00f6ffnet)<\/span><\/a><\/li><li class=\"share-end\"><\/li><li class=\"share-pinterest\"><a rel=\"nofollow noopener noreferrer\" data-shared=\"sharing-pinterest-1862\" class=\"share-pinterest sd-button share-icon no-text\" href=\"https:\/\/www.tash-horseexperience.click\/wordpress\/pr-medien-werbung\/?share=pinterest\" target=\"_blank\" title=\"Klick, um auf Pinterest zu teilen\"><span><\/span><span class=\"sharing-screen-reader-text\">Klick, um auf Pinterest zu teilen (Wird in neuem Fenster ge\u00f6ffnet)<\/span><\/a><\/li><li class=\"share-end\"><\/li><\/ul><\/div><\/div><\/div><\/div><\/div>","protected":false},"excerpt":{"rendered":"<p>Ihnen gef\u00e4llt, was sie auf Tash-Horseexperience lesen und Sie k\u00f6nnen sich eine Kooperation\u00a0vorstellen? &nbsp; Dann kontaktieren Sie mich gerne unter tanja@tash-horseexperience.click &nbsp; Tash-Horseexperience besch\u00e4ftigt sich sowohl mit dem achtsamen Umgang mit dem Pferd, als auch mit artgerechter F\u00fctterung und Energetik. Das Pferdetraining betreffend besch\u00e4ftige ich mich mit Clickertraining und dem Pferdeverhalten und K\u00f6rpersprache. Der Blog besteht nun schon seit mehr als vier\u00a0Jahren und wird w\u00f6chentlich um interessante Artikel erweitert. Mit mir haben Sie also einen etablierten und verl\u00e4sslichen Partner an der Seite. &nbsp; Folgende\u00a0M\u00f6glichkeiten f\u00fcr\u00a0eine Kooperation\u00a0kann ich Ihnen anbieten: &nbsp; Gesponserte Artikel \/ Advertorials: Ich schreibe einen Artikel zu Ihrem Produkt, Ihrer Dienstleistung etc. inkl. Verlinkung und Bewerbung auf meinen Social Media Kan\u00e4len. Bitte beachten Sie, dass hier nur \u201enofollow\u201c Links m\u00f6glich sind und die Artikel als \u201egesponsert\u201c gekennzeichnet werden. Aufnahme Ihres Betriebes \/ Ihres Produktes in meine Empfehlungsliste: Auf der Seite \u201eempfehlenswerte Shops\u201c wird Ihr Betrieb eingef\u00fcgt und verlinkt. Hier gehts zur Seite. Buchrezensionen: Wenn Ihr Buch die Themen auf dieser Seite treffen, kontaktieren Sie mich gerne. Ich werde Ihr Buch lesen und anschlie\u00dfend einen Artikel dazu verfassen. Gerne wird auch zu einem von Ihnen gew\u00fcnschten Ziel verlinkt. Hier ein Beispiel einer Rezension. Bannerwerbung: Wenn Sie ein Produkt haben, [&hellip;]<\/p>\n<div class=\"sharedaddy sd-sharing-enabled\"><div class=\"robots-nocontent sd-block sd-social sd-social-icon sd-sharing\"><h3 class=\"sd-title\">Teilen mit:<\/h3><div class=\"sd-content\"><ul><li><a href=\"#\" class=\"sharing-anchor sd-button share-more\"><span>Teilen<\/span><\/a><\/li><li class=\"share-end\"><\/li><\/ul><div class=\"sharing-hidden\"><div class=\"inner\" style=\"display: none;\"><ul><li class=\"share-facebook\"><a rel=\"nofollow noopener noreferrer\" data-shared=\"sharing-facebook-1862\" class=\"share-facebook sd-button share-icon no-text\" href=\"https:\/\/www.tash-horseexperience.click\/wordpress\/pr-medien-werbung\/?share=facebook\" target=\"_blank\" title=\"Klick, um auf Facebook zu teilen\"><span><\/span><span class=\"sharing-screen-reader-text\">Klick, um auf Facebook zu teilen (Wird in neuem Fenster ge\u00f6ffnet)<\/span><\/a><\/li><li class=\"share-twitter\"><a rel=\"nofollow noopener noreferrer\" data-shared=\"sharing-twitter-1862\" class=\"share-twitter sd-button share-icon no-text\" href=\"https:\/\/www.tash-horseexperience.click\/wordpress\/pr-medien-werbung\/?share=twitter\" target=\"_blank\" title=\"Klick, um \u00fcber Twitter zu teilen\"><span><\/span><span class=\"sharing-screen-reader-text\">Klick, um \u00fcber Twitter zu teilen (Wird in neuem Fenster ge\u00f6ffnet)<\/span><\/a><\/li><li class=\"share-end\"><\/li><li class=\"share-pinterest\"><a rel=\"nofollow noopener noreferrer\" data-shared=\"sharing-pinterest-1862\" class=\"share-pinterest sd-button share-icon no-text\" href=\"https:\/\/www.tash-horseexperience.click\/wordpress\/pr-medien-werbung\/?share=pinterest\" target=\"_blank\" title=\"Klick, um auf Pinterest zu teilen\"><span><\/span><span class=\"sharing-screen-reader-text\">Klick, um auf Pinterest zu teilen (Wird in neuem Fenster ge\u00f6ffnet)<\/span><\/a><\/li><li class=\"share-end\"><\/li><\/ul><\/div><\/div><\/div><\/div><\/div>","protected":false},"author":3,"featured_media":0,"parent":0,"menu_order":0,"comment_status":"closed","ping_status":"closed","template":"","meta":{"spay_email":""},"yoast_head":"<!-- This site is optimized with the Yoast SEO plugin v17.1 - https:\/\/yoast.com\/wordpress\/plugins\/seo\/ -->\n<title>Kooperation \/ PR \/ Medien - Tash-Horseexperience<\/title>\n<meta name=\"description\" content=\"Mit uns haben Sie also einen etablierten und verl\u00e4sslichen Partner f\u00fcr eine erfolgreiche Kooperation an der Seite. Wir freuen uns auf Ihre Kontaktaufnahme!\" \/>\n<meta name=\"robots\" content=\"index, follow, max-snippet:-1, max-image-preview:large, max-video-preview:-1\" \/>\n<link rel=\"canonical\" href=\"https:\/\/www.tash-horseexperience.click\/wordpress\/pr-medien-werbung\/\" \/>\n<meta property=\"og:locale\" content=\"de_DE\" \/>\n<meta property=\"og:type\" content=\"article\" \/>\n<meta property=\"og:title\" content=\"Kooperation \/ PR \/ Medien - Tash-Horseexperience\" \/>\n<meta property=\"og:description\" content=\"Mit uns haben Sie also einen etablierten und verl\u00e4sslichen Partner f\u00fcr eine erfolgreiche Kooperation an der Seite. Wir freuen uns auf Ihre Kontaktaufnahme!\" \/>\n<meta property=\"og:url\" content=\"https:\/\/www.tash-horseexperience.click\/wordpress\/pr-medien-werbung\/\" \/>\n<meta property=\"og:site_name\" content=\"Tash-Horseexperience\" \/>\n<meta property=\"article:publisher\" content=\"https:\/\/www.facebook.com\/TashHorseexperience\/\" \/>\n<meta property=\"article:modified_time\" content=\"2017-09-06T09:03:24+00:00\" \/>\n<meta name=\"twitter:card\" content=\"summary\" \/>\n<meta name=\"twitter:site\" content=\"@TashHorse\" \/>\n<meta name=\"twitter:label1\" content=\"Gesch\u00e4tzte Lesezeit\" \/>\n\t<meta name=\"twitter:data1\" content=\"2\u00a0Minuten\" \/>\n<script type=\"application\/ld+json\" class=\"yoast-schema-graph\">{\"@context\":\"https:\/\/schema.org\",\"@graph\":[{\"@type\":\"WebSite\",\"@id\":\"https:\/\/www.tash-horseexperience.click\/wordpress\/#website\",\"url\":\"https:\/\/www.tash-horseexperience.click\/wordpress\/\",\"name\":\"Tash-Horseexperience\",\"description\":\"Achtsamer Umgang mit dem Pferd\",\"potentialAction\":[{\"@type\":\"SearchAction\",\"target\":{\"@type\":\"EntryPoint\",\"urlTemplate\":\"https:\/\/www.tash-horseexperience.click\/wordpress\/?s={search_term_string}\"},\"query-input\":\"required name=search_term_string\"}],\"inLanguage\":\"de\"},{\"@type\":\"WebPage\",\"@id\":\"https:\/\/www.tash-horseexperience.click\/wordpress\/pr-medien-werbung\/#webpage\",\"url\":\"https:\/\/www.tash-horseexperience.click\/wordpress\/pr-medien-werbung\/\",\"name\":\"Kooperation \/ PR \/ Medien - Tash-Horseexperience\",\"isPartOf\":{\"@id\":\"https:\/\/www.tash-horseexperience.click\/wordpress\/#website\"},\"datePublished\":\"2016-01-24T16:27:21+00:00\",\"dateModified\":\"2017-09-06T09:03:24+00:00\",\"description\":\"Mit uns haben Sie also einen etablierten und verl\\u00e4sslichen Partner f\\u00fcr eine erfolgreiche Kooperation an der Seite. Wir freuen uns auf Ihre Kontaktaufnahme!\",\"breadcrumb\":{\"@id\":\"https:\/\/www.tash-horseexperience.click\/wordpress\/pr-medien-werbung\/#breadcrumb\"},\"inLanguage\":\"de\",\"potentialAction\":[{\"@type\":\"ReadAction\",\"target\":[\"https:\/\/www.tash-horseexperience.click\/wordpress\/pr-medien-werbung\/\"]}]},{\"@type\":\"BreadcrumbList\",\"@id\":\"https:\/\/www.tash-horseexperience.click\/wordpress\/pr-medien-werbung\/#breadcrumb\",\"itemListElement\":[{\"@type\":\"ListItem\",\"position\":1,\"name\":\"Startseite\",\"item\":\"https:\/\/www.tash-horseexperience.click\/wordpress\/\"},{\"@type\":\"ListItem\",\"position\":2,\"name\":\"Kooperation \/ PR \/ Medien\"}]}]}<\/script>\n<!-- \/ Yoast SEO plugin. -->","yoast_head_json":{"title":"Kooperation \/ PR \/ Medien - Tash-Horseexperience","description":"Mit uns haben Sie also einen etablierten und verl\u00e4sslichen Partner f\u00fcr eine erfolgreiche Kooperation an der Seite. Wir freuen uns auf Ihre Kontaktaufnahme!","robots":{"index":"index","follow":"follow","max-snippet":"max-snippet:-1","max-image-preview":"max-image-preview:large","max-video-preview":"max-video-preview:-1"},"canonical":"https:\/\/www.tash-horseexperience.click\/wordpress\/pr-medien-werbung\/","og_locale":"de_DE","og_type":"article","og_title":"Kooperation \/ PR \/ Medien - Tash-Horseexperience","og_description":"Mit uns haben Sie also einen etablierten und verl\u00e4sslichen Partner f\u00fcr eine erfolgreiche Kooperation an der Seite. Wir freuen uns auf Ihre Kontaktaufnahme!","og_url":"https:\/\/www.tash-horseexperience.click\/wordpress\/pr-medien-werbung\/","og_site_name":"Tash-Horseexperience","article_publisher":"https:\/\/www.facebook.com\/TashHorseexperience\/","article_modified_time":"2017-09-06T09:03:24+00:00","twitter_card":"summary","twitter_site":"@TashHorse","twitter_misc":{"Gesch\u00e4tzte Lesezeit":"2\u00a0Minuten"},"schema":{"@context":"https:\/\/schema.org","@graph":[{"@type":"WebSite","@id":"https:\/\/www.tash-horseexperience.click\/wordpress\/#website","url":"https:\/\/www.tash-horseexperience.click\/wordpress\/","name":"Tash-Horseexperience","description":"Achtsamer Umgang mit dem Pferd","potentialAction":[{"@type":"SearchAction","target":{"@type":"EntryPoint","urlTemplate":"https:\/\/www.tash-horseexperience.click\/wordpress\/?s={search_term_string}"},"query-input":"required name=search_term_string"}],"inLanguage":"de"},{"@type":"WebPage","@id":"https:\/\/www.tash-horseexperience.click\/wordpress\/pr-medien-werbung\/#webpage","url":"https:\/\/www.tash-horseexperience.click\/wordpress\/pr-medien-werbung\/","name":"Kooperation \/ PR \/ Medien - Tash-Horseexperience","isPartOf":{"@id":"https:\/\/www.tash-horseexperience.click\/wordpress\/#website"},"datePublished":"2016-01-24T16:27:21+00:00","dateModified":"2017-09-06T09:03:24+00:00","description":"Mit uns haben Sie also einen etablierten und verl\u00e4sslichen Partner f\u00fcr eine erfolgreiche Kooperation an der Seite. Wir freuen uns auf Ihre Kontaktaufnahme!","breadcrumb":{"@id":"https:\/\/www.tash-horseexperience.click\/wordpress\/pr-medien-werbung\/#breadcrumb"},"inLanguage":"de","potentialAction":[{"@type":"ReadAction","target":["https:\/\/www.tash-horseexperience.click\/wordpress\/pr-medien-werbung\/"]}]},{"@type":"BreadcrumbList","@id":"https:\/\/www.tash-horseexperience.click\/wordpress\/pr-medien-werbung\/#breadcrumb","itemListElement":[{"@type":"ListItem","position":1,"name":"Startseite","item":"https:\/\/www.tash-horseexperience.click\/wordpress\/"},{"@type":"ListItem","position":2,"name":"Kooperation \/ PR \/ Medien"}]}]}},"jetpack_sharing_enabled":true,"jetpack_shortlink":"https:\/\/wp.me\/P6BXYn-u2","jetpack-related-posts":[{"id":1215,"url":"https:\/\/www.tash-horseexperience.click\/wordpress\/wer-sind-wir-2\/","url_meta":{"origin":1862,"position":0},"title":"Kontakt \/ \u00fcber uns","date":"","format":false,"excerpt":"Hallo und herzlich willkommen bei Tash-Horseexperience! Du m\u00f6chtest uns eine Nachricht zukommen lassen? Sehr gerne an tanja(at)tash-horseexperience.click! Wir freuen uns auf deine E-Mail! \u00a0 Was macht uns aus, wer sind wir und was erwartet dich hier? Dieser Pferdeblog bringt dir den achtsamen und fairen Umgang mit Pferden n\u00e4her. Geschrieben wird\u2026","rel":"","context":"\u00c4hnlicher Beitrag","img":{"alt_text":"Pferdeblog, Reitsport, Pferdetraining","src":"https:\/\/i1.wp.com\/1.bp.blogspot.com\/-BlrQmgezGvo\/UEo4VmNjn8I\/AAAAAAAAAm0\/rYeZm-9ao_E\/s640\/Steckbrief+Shadow.jpg?resize=350%2C200&ssl=1","width":350,"height":200},"classes":[]},{"id":1222,"url":"https:\/\/www.tash-horseexperience.click\/wordpress\/pferdiger-lesestoff\/","url_meta":{"origin":1862,"position":1},"title":"Pferdiger Lesestoff","date":"","format":false,"excerpt":"Hier findet ihr allerlei Seiten rund ums Pferd, prall gef\u00fcllt mit interessanten Artikeln! Viel Spa\u00df beim St\u00f6bern und lasst mich wissen, was euch besonders gef\u00e4llt :) Herzenspferd - Die Allgemeinwissen-Sammlung Auf dieser Seite k\u00f6nnt ihr allerlei Wissen \u00fcber Pferde, das Zubeh\u00f6r, den Umgang im Allgemeinen erfahren. Die Autorin zeichnet sich\u2026","rel":"","context":"\u00c4hnlicher Beitrag","img":{"alt_text":"","src":"","width":0,"height":0},"classes":[]},{"id":1220,"url":"https:\/\/www.tash-horseexperience.click\/wordpress\/fotos\/","url_meta":{"origin":1862,"position":2},"title":"Fotos","date":"","format":false,"excerpt":"Ulli Bruckm\u00fcller - Fotografie Wer Lust auf ein Shooting im Raum Salzburg hat (ob mit oder ohne Pferd), dem sei die liebe Ulli Bruckm\u00fcller empfohlen! Die wunderbaren Blog-Fotos stammen von ihr, jedes Shooting macht unglaublich Spa\u00df und Lust auf mehr :)","rel":"","context":"\u00c4hnlicher Beitrag","img":{"alt_text":"","src":"https:\/\/i2.wp.com\/4.bp.blogspot.com\/-WBag1OoYIDM\/VHs_sD6UD-I\/AAAAAAAACxg\/IVY_utayBBA\/s1600\/14416_737831596271499_5747117803072539931_n.jpg?resize=350%2C200&ssl=1","width":350,"height":200},"classes":[]},{"id":1224,"url":"https:\/\/www.tash-horseexperience.click\/wordpress\/empfehlenswerte-shops\/","url_meta":{"origin":1862,"position":3},"title":"Empfehlenswerte Shops","date":"","format":false,"excerpt":"Das Internet ist voll von Angeboten rund ums Pferd. Hier gibt's ein paar empfehlenswerte Shops und sonstige Tips in Sachen Pferd :) Ich \u00fcberlege mir immer gut, wo ich einkaufe. Ich m\u00f6chte m\u00f6glichst fair gehandelte und produzierte Produkte erwerben. Da ich gerne auch Kr\u00e4uter f\u00fcttere, anstatt Chemie zu f\u00fcttern, achte\u2026","rel":"","context":"\u00c4hnlicher Beitrag","img":{"alt_text":"","src":"","width":0,"height":0},"classes":[]},{"id":1270,"url":"https:\/\/www.tash-horseexperience.click\/wordpress\/du-hast-dich-erfolgreich-eingetragen\/","url_meta":{"origin":1862,"position":4},"title":"Du hast dich erfolgreich eingetragen!","date":"","format":false,"excerpt":"Hallo und herzlich Willkommen! Du bekommst gleich Mail von uns. Bitte \u00f6ffne die Nachricht und best\u00e4tige deine Eintragung! Den Downloadlink zu unserem gratis eBook f\u00fcr dich erh\u00e4ltst du im n\u00e4chsten Newsletter :)","rel":"","context":"\u00c4hnlicher Beitrag","img":{"alt_text":"","src":"","width":0,"height":0},"classes":[]},{"id":1272,"url":"https:\/\/www.tash-horseexperience.click\/wordpress\/sei-dabei-und-erhalte-exklusive-news-per-mail\/","url_meta":{"origin":1862,"position":5},"title":"Sei dabei und erhalte exklusive News per Mail!","date":"","format":false,"excerpt":"Bitte trage deine Mail-Adresse und deinen Vornamen ein.","rel":"","context":"\u00c4hnlicher Beitrag","img":{"alt_text":"","src":"","width":0,"height":0},"classes":[]}],"jetpack_likes_enabled":true,"_links":{"self":[{"href":"https:\/\/www.tash-horseexperience.click\/wordpress\/wp-json\/wp\/v2\/pages\/1862"}],"collection":[{"href":"https:\/\/www.tash-horseexperience.click\/wordpress\/wp-json\/wp\/v2\/pages"}],"about":[{"href":"https:\/\/www.tash-horseexperience.click\/wordpress\/wp-json\/wp\/v2\/types\/page"}],"author":[{"embeddable":true,"href":"https:\/\/www.tash-horseexperience.click\/wordpress\/wp-json\/wp\/v2\/users\/3"}],"replies":[{"embeddable":true,"href":"https:\/\/www.tash-horseexperience.click\/wordpress\/wp-json\/wp\/v2\/comments?post=1862"}],"version-history":[{"count":5,"href":"https:\/\/www.tash-horseexperience.click\/wordpress\/wp-json\/wp\/v2\/pages\/1862\/revisions"}],"predecessor-version":[{"id":2523,"href":"https:\/\/www.tash-horseexperience.click\/wordpress\/wp-json\/wp\/v2\/pages\/1862\/revisions\/2523"}],"wp:attachment":[{"href":"https:\/\/www.tash-horseexperience.click\/wordpress\/wp-json\/wp\/v2\/media?parent=1862"}],"curies":[{"name":"wp","href":"https:\/\/api.w.org\/{rel}","templated":true}]}}